{"id":370,"date":"2024-09-26T12:24:08","date_gmt":"2024-09-26T12:24:08","guid":{"rendered":"https:\/\/shop.bsw-bioscience.com\/?post_type=product&#038;p=370"},"modified":"2025-09-02T11:36:03","modified_gmt":"2025-09-02T11:36:03","slug":"hygienespray-disinfectant-500ml-spruehflasche","status":"publish","type":"product","link":"https:\/\/shop.bsw-bioscience.com\/?product=hygienespray-disinfectant-500ml-spruehflasche","title":{"rendered":"Hygienespray DISINFECTANT, 500ml-Spr\u00fchflasche"},"content":{"rendered":"<h1>Hygienespray<\/h1>\n<h1>-DISINFECTANT-<\/h1>\n<p>&nbsp;<\/p>\n<p><em>Wirkt gegen Keime \/ Bakterien und Pilze.<\/em><\/p>\n<p><em>Desinfektionsl\u00f6sung, f\u00fcr Oberfl\u00e4chen im Bereich der Tierhaltung ideal geeignet.<\/em><\/p>\n<p>Disinfectant ist eine w\u00e4ssrige Desinfektionsl\u00f6sung, hergestellt aus einer Solel\u00f6sung, OHNE Alkohole und Mineral\u00f6lprodukte. Das Produkt erf\u00fcllt die Verordnung (EG) Nr. 834\/2007 sowie die VERORDNUNG (EU) 2018\/848.<\/p>\n<p>INHALT: 500 ml<\/p>\n<p>Biozidprodukte vorsichtig verwenden. Vor Gebrauch stets Etikett und Produktinformationen lesen. BAuA: N-107235<\/p>\n<p>Art.-Nr. 81100-500ml<\/p>\n<p><img loading=\"lazy\" decoding=\"async\" class=\"alignnone size-medium wp-image-611\" src=\"https:\/\/shop.bsw-bioscience.com\/wp-content\/uploads\/2024\/10\/IMG_0938-CuraMea-Hygienespray-500ml-225x300.jpg\" alt=\"\" width=\"225\" height=\"300\" srcset=\"https:\/\/shop.bsw-bioscience.com\/wp-content\/uploads\/2024\/10\/IMG_0938-CuraMea-Hygienespray-500ml-225x300.jpg 225w, https:\/\/shop.bsw-bioscience.com\/wp-content\/uploads\/2024\/10\/IMG_0938-CuraMea-Hygienespray-500ml-768x1024.jpg 768w, https:\/\/shop.bsw-bioscience.com\/wp-content\/uploads\/2024\/10\/IMG_0938-CuraMea-Hygienespray-500ml-1152x1536.jpg 1152w, https:\/\/shop.bsw-bioscience.com\/wp-content\/uploads\/2024\/10\/IMG_0938-CuraMea-Hygienespray-500ml-600x800.jpg 600w, https:\/\/shop.bsw-bioscience.com\/wp-content\/uploads\/2024\/10\/IMG_0938-CuraMea-Hygienespray-500ml-rotated.jpg 1200w\" sizes=\"auto, (max-width: 225px) 100vw, 225px\" \/><\/p>\n<p>&nbsp;<\/p>\n<p>Datenbl\u00e4tter zum Produkt erhalten Sie unter der E-Mail-Adresse: info@bsw-bioscience.com.<\/p>\n","protected":false},"excerpt":{"rendered":"<p>w\u00e4ssrige Desinfektionsl\u00f6sung OHNE Alkohole<\/p>\n","protected":false},"featured_media":487,"template":"","meta":[],"product_brand":[],"product_cat":[19],"product_tag":[44],"class_list":{"0":"post-370","1":"product","2":"type-product","3":"status-publish","4":"has-post-thumbnail","6":"product_cat-tierhaltung","7":"product_tag-desinfektion","9":"first","10":"instock","11":"taxable","12":"shipping-taxable","13":"purchasable","14":"product-type-simple"},"jetpack_sharing_enabled":true,"_links":{"self":[{"href":"https:\/\/shop.bsw-bioscience.com\/index.php?rest_route=\/wp\/v2\/product\/370","targetHints":{"allow":["GET"]}}],"collection":[{"href":"https:\/\/shop.bsw-bioscience.com\/index.php?rest_route=\/wp\/v2\/product"}],"about":[{"href":"https:\/\/shop.bsw-bioscience.com\/index.php?rest_route=\/wp\/v2\/types\/product"}],"wp:featuredmedia":[{"embeddable":true,"href":"https:\/\/shop.bsw-bioscience.com\/index.php?rest_route=\/wp\/v2\/media\/487"}],"wp:attachment":[{"href":"https:\/\/shop.bsw-bioscience.com\/index.php?rest_route=%2Fwp%2Fv2%2Fmedia&parent=370"}],"wp:term":[{"taxonomy":"product_brand","embeddable":true,"href":"https:\/\/shop.bsw-bioscience.com\/index.php?rest_route=%2Fwp%2Fv2%2Fproduct_brand&post=370"},{"taxonomy":"product_cat","embeddable":true,"href":"https:\/\/shop.bsw-bioscience.com\/index.php?rest_route=%2Fwp%2Fv2%2Fproduct_cat&post=370"},{"taxonomy":"product_tag","embeddable":true,"href":"https:\/\/shop.bsw-bioscience.com\/index.php?rest_route=%2Fwp%2Fv2%2Fproduct_tag&post=370"}],"curies":[{"name":"wp","href":"https:\/\/api.w.org\/{rel}","templated":true}]}}