{"id":369,"date":"2024-09-26T12:16:21","date_gmt":"2024-09-26T12:16:21","guid":{"rendered":"https:\/\/shop.bsw-bioscience.com\/?post_type=product&#038;p=369"},"modified":"2025-09-02T11:38:29","modified_gmt":"2025-09-02T11:38:29","slug":"spezialreiniger-5-liter-kanister","status":"publish","type":"product","link":"https:\/\/shop.bsw-bioscience.com\/?product=spezialreiniger-5-liter-kanister","title":{"rendered":"Spezialreiniger, 5-Liter-Kanister"},"content":{"rendered":"<h1>SPEZIALREINGER\/ Stallreiniger<\/h1>\n<h3>f\u00fcr K\u00e4fige, Sitzstangen, N\u00e4pfe, Tr\u00f6ge, Tr\u00e4nken, Kunststoffboxen.<\/h3>\n<p>&nbsp;<\/p>\n<ul>\n<li>Beseitigt organische Verschmutzungen wie z.B. Fett, Eiwei\u00df, Blut, Urin, Kot und Biofilme auf Oberfl\u00e4chen aus Kunststoff, Keramik, Edelstahl und Leder.<\/li>\n<li>Ideal f\u00fcr die Reinigung von Vogelk\u00e4figen und Kleintierk\u00e4figen, Katzentoiletten, Transportboxen, Fress- und Trinkn\u00e4pfen.<\/li>\n<li>Beseitigt Biofilme aus Tr\u00e4nken und Futtertr\u00f6gen.<\/li>\n<li>Zur Reinigung von Reitstiefeln, S\u00e4tteln und Zaumzeug und als Waschkraftverst\u00e4rker f\u00fcr Hundedecken und Pferdedecken geeignet.<\/li>\n<\/ul>\n<p>&nbsp;<\/p>\n<p>Biologisch abbaubar und dermatologisch getestet.<\/p>\n<p>&nbsp;<\/p>\n<p><img loading=\"lazy\" decoding=\"async\" class=\"alignnone size-medium wp-image-69\" src=\"https:\/\/shop.bsw-bioscience.com\/wp-content\/uploads\/2024\/08\/Dermatest-orig-300x185.png\" alt=\"\" width=\"300\" height=\"185\" srcset=\"https:\/\/shop.bsw-bioscience.com\/wp-content\/uploads\/2024\/08\/Dermatest-orig-300x185.png 300w, https:\/\/shop.bsw-bioscience.com\/wp-content\/uploads\/2024\/08\/Dermatest-orig-768x472.png 768w, https:\/\/shop.bsw-bioscience.com\/wp-content\/uploads\/2024\/08\/Dermatest-orig-600x369.png 600w, https:\/\/shop.bsw-bioscience.com\/wp-content\/uploads\/2024\/08\/Dermatest-orig.png 829w\" sizes=\"auto, (max-width: 300px) 100vw, 300px\" \/>BSW-Bio-Science \u201eSpezialreiniger\u201c<\/p>\n<p>&nbsp;<\/p>\n<p>Das Produkt enth\u00e4lt GMO-\/GVO-freie Bio-Pflanzenseife. Der Spezialreiniger enth\u00e4lt keine Mineral\u00f6lprodukte, Emulgatoren, Stabilisatoren, Konservierungsstoffe, Duft und Farbstoffe. Das Produkt erf\u00fcllt die Verordnung (EG) Nr. 834\/2007 sowie die VERORDNUNG (EU) 2018\/848.<\/p>\n<p>INHALT: 5 Liter<\/p>\n<p>Art.-Nr.: 82015-0005<\/p>\n<p>Stets die Angaben auf dem Etikett beachten.<\/p>\n<p><img loading=\"lazy\" decoding=\"async\" class=\"alignnone size-medium wp-image-610\" src=\"https:\/\/shop.bsw-bioscience.com\/wp-content\/uploads\/2024\/10\/IMG_0930-CuraMea-Spezialreiniger-5-Liter-225x300.jpg\" alt=\"\" width=\"225\" height=\"300\" srcset=\"https:\/\/shop.bsw-bioscience.com\/wp-content\/uploads\/2024\/10\/IMG_0930-CuraMea-Spezialreiniger-5-Liter-225x300.jpg 225w, https:\/\/shop.bsw-bioscience.com\/wp-content\/uploads\/2024\/10\/IMG_0930-CuraMea-Spezialreiniger-5-Liter-768x1024.jpg 768w, https:\/\/shop.bsw-bioscience.com\/wp-content\/uploads\/2024\/10\/IMG_0930-CuraMea-Spezialreiniger-5-Liter-1152x1536.jpg 1152w, https:\/\/shop.bsw-bioscience.com\/wp-content\/uploads\/2024\/10\/IMG_0930-CuraMea-Spezialreiniger-5-Liter-600x800.jpg 600w, https:\/\/shop.bsw-bioscience.com\/wp-content\/uploads\/2024\/10\/IMG_0930-CuraMea-Spezialreiniger-5-Liter-rotated.jpg 1200w\" sizes=\"auto, (max-width: 225px) 100vw, 225px\" \/><\/p>\n<p>&nbsp;<\/p>\n<p>Datenbl\u00e4tter zum Produkt erhalten Sie unter der E-Mail-Adresse: info@bsw-bioscience.com.<\/p>\n","protected":false},"excerpt":{"rendered":"<p>Biologisch abbaubar und dermatologisch getestet!<\/p>\n","protected":false},"featured_media":487,"template":"","meta":[],"product_brand":[],"product_cat":[19],"product_tag":[41,27,40,42,39,26,33,43],"class_list":{"0":"post-369","1":"product","2":"type-product","3":"status-publish","4":"has-post-thumbnail","6":"product_cat-tierhaltung","7":"product_tag-box","8":"product_tag-hund","9":"product_tag-kaefig","10":"product_tag-katze","11":"product_tag-naepfe","12":"product_tag-pferd","13":"product_tag-troege","14":"product_tag-vogel","16":"first","17":"instock","18":"taxable","19":"shipping-taxable","20":"purchasable","21":"product-type-simple"},"jetpack_sharing_enabled":true,"_links":{"self":[{"href":"https:\/\/shop.bsw-bioscience.com\/index.php?rest_route=\/wp\/v2\/product\/369","targetHints":{"allow":["GET"]}}],"collection":[{"href":"https:\/\/shop.bsw-bioscience.com\/index.php?rest_route=\/wp\/v2\/product"}],"about":[{"href":"https:\/\/shop.bsw-bioscience.com\/index.php?rest_route=\/wp\/v2\/types\/product"}],"wp:featuredmedia":[{"embeddable":true,"href":"https:\/\/shop.bsw-bioscience.com\/index.php?rest_route=\/wp\/v2\/media\/487"}],"wp:attachment":[{"href":"https:\/\/shop.bsw-bioscience.com\/index.php?rest_route=%2Fwp%2Fv2%2Fmedia&parent=369"}],"wp:term":[{"taxonomy":"product_brand","embeddable":true,"href":"https:\/\/shop.bsw-bioscience.com\/index.php?rest_route=%2Fwp%2Fv2%2Fproduct_brand&post=369"},{"taxonomy":"product_cat","embeddable":true,"href":"https:\/\/shop.bsw-bioscience.com\/index.php?rest_route=%2Fwp%2Fv2%2Fproduct_cat&post=369"},{"taxonomy":"product_tag","embeddable":true,"href":"https:\/\/shop.bsw-bioscience.com\/index.php?rest_route=%2Fwp%2Fv2%2Fproduct_tag&post=369"}],"curies":[{"name":"wp","href":"https:\/\/api.w.org\/{rel}","templated":true}]}}