{"id":90,"date":"2024-08-27T07:45:26","date_gmt":"2024-08-27T07:45:26","guid":{"rendered":"https:\/\/shop.bsw-bioscience.com\/?page_id=90"},"modified":"2024-10-14T07:03:40","modified_gmt":"2024-10-14T07:03:40","slug":"nachhaltigkeit","status":"publish","type":"page","link":"https:\/\/shop.bsw-bioscience.com\/?page_id=90","title":{"rendered":"Nachhaltigkeit"},"content":{"rendered":"\n<p>Nachhaltiges Handeln gewinnt beim Gesetzgeber, bei Gesch\u00e4ftspartnern und Konsumenten an Bedeutung! Die Agenda 2030, die deutsche Nachhaltigkeitsstrategie und die BMUV-Wasserstrategie fordern einen bewussteren Umgang mit nat\u00fcrlichen Ressourcen.<\/p>\n\n\n\n<p>\u00dcberdenken Sie Ihren Chemikalieneinsatz bei der Reinigung!&nbsp;Schonen Sie Anwender und Umwelt!<\/p>\n\n\n\n<h2 class=\"wp-block-heading\">Die BSW-Bio-Science GmbH meint es ernst mit der Nachhaltigkeit!<\/h2>\n\n\n\n<p>Wir entwickeln und produzieren \u00f6kologische Reinigungsmittel, unser gro\u00dfes Verantwortungsbewusstsein f\u00fcr einen nachhaltigen Umgang mit nat\u00fcrlichen Ressourcen ist die Basis unserer Arbeit. Jahrzehntelange Erfahrungen im Bereich der Reinigung und Reinraumtechnik haben hochgradig wirksame Reinigungsmittel auf w\u00e4ssriger Basis, versetzt mit Mineralien, GMO-\/GVO-freien Bio-Pflanzenseifen oder Tensiden aus nachwachsenden Rohstoffen hervorgebracht. Wir verzichten auf den Zusatz von organischen L\u00f6sungsmitteln und petrochemische Substanzen.<\/p>\n\n\n\n<p>Unsere Produkte enthalten keine Emulgatoren, Stabilisatoren, Farb- und Duftstoffe und erf\u00fcllen die Bedingungen der EU-\u00d6koverordnung 2018\/848 sowie 2021\/1165.<\/p>\n\n\n\n<p>Bei der Erstellung innovativer Reinigungskonzepte f\u00fcr Betriebe mit hohem Hygienestandard und der Produktentwicklung unserer Reinigungsmittel haben wir viele Themen im Blick:<\/p>\n\n\n\n<ul class=\"wp-block-list has-medium-font-size\">\n<li class=\"has-medium-font-size\"><strong>Die Schonung nat\u00fcrlicher Ressourcen durch minimierte Abwasserbelastung.<\/strong><\/li>\n\n\n\n<li class=\"has-medium-font-size\"><strong>Ein geringeres Gesundheitsrisiko f\u00fcr den Anwender.<\/strong><\/li>\n\n\n\n<li class=\"has-medium-font-size\"><strong>Eine verbesserte Arbeitssicherheit durch Verzicht auf bioakkumulative Mineral\u00f6lprodukte und organische L\u00f6sungsmittel.<\/strong><\/li>\n\n\n\n<li class=\"has-medium-font-size\"><strong>Die wirtschaftliche Reinigung durch effektive und materialschonende Reinigungsmittel.<\/strong><\/li>\n<\/ul>\n\n\n\n<blockquote class=\"wp-block-quote is-layout-flow wp-block-quote-is-layout-flow\">\n<p>Ziel unseres Unternehmen ist es, Anwendern Produkte zur Verf\u00fcgung zu stellen, die das Gef\u00e4hrdungspotential f\u00fcr Mensch, Tier und Umwelt auf ein Minimum reduzieren.<\/p>\n\n\n\n<p>BSW-Bio-Science GmbH<\/p>\n<\/blockquote>\n\n\n\n<figure class=\"wp-block-image size-large\"><img loading=\"lazy\" decoding=\"async\" width=\"1024\" height=\"576\" src=\"https:\/\/shop.bsw-bioscience.com\/wp-content\/uploads\/2024\/08\/iStock-1270539823b-1024x576.jpg\" alt=\"\" class=\"wp-image-70\" srcset=\"https:\/\/shop.bsw-bioscience.com\/wp-content\/uploads\/2024\/08\/iStock-1270539823b-1024x576.jpg 1024w, https:\/\/shop.bsw-bioscience.com\/wp-content\/uploads\/2024\/08\/iStock-1270539823b-300x169.jpg 300w, https:\/\/shop.bsw-bioscience.com\/wp-content\/uploads\/2024\/08\/iStock-1270539823b-768x432.jpg 768w, https:\/\/shop.bsw-bioscience.com\/wp-content\/uploads\/2024\/08\/iStock-1270539823b-1536x864.jpg 1536w, https:\/\/shop.bsw-bioscience.com\/wp-content\/uploads\/2024\/08\/iStock-1270539823b-1320x743.jpg 1320w, https:\/\/shop.bsw-bioscience.com\/wp-content\/uploads\/2024\/08\/iStock-1270539823b-600x338.jpg 600w, https:\/\/shop.bsw-bioscience.com\/wp-content\/uploads\/2024\/08\/iStock-1270539823b.jpg 1930w\" sizes=\"auto, (max-width: 1024px) 100vw, 1024px\" \/><\/figure>\n\n\n\n<div class=\"wp-block-buttons is-content-justification-space-between is-layout-flex wp-container-core-buttons-is-layout-3d213aab wp-block-buttons-is-layout-flex\">\n<div class=\"wp-block-button is-style-fill\"><a class=\"wp-block-button__link has-black-color has-light-green-cyan-background-color has-text-color has-background has-link-color wp-element-button\" href=\"https:\/\/shop.bsw-bioscience.com\/?page_id=2\">Produkte f\u00fcr die Lebensmittelbranche<\/a><\/div>\n<\/div>\n\n\n\n<div class=\"wp-block-buttons is-layout-flex wp-block-buttons-is-layout-flex\">\n<div class=\"wp-block-button is-style-fill\"><a class=\"wp-block-button__link has-black-color has-pale-cyan-blue-background-color has-text-color has-background has-link-color wp-element-button\" href=\"https:\/\/shop.bsw-bioscience.com\/?page_id=88\">Produkte f\u00fcr die Geb\u00e4udereinigung<\/a><\/div>\n<\/div>\n","protected":false},"excerpt":{"rendered":"<p>Nachhaltiges Handeln gewinnt beim Gesetzgeber, bei Gesch\u00e4ftspartnern und Konsumenten an Bedeutung! Die Agenda 2030, die deutsche Nachhaltigkeitsstrategie und die BMUV-Wasserstrategie fordern einen bewussteren Umgang mit nat\u00fcrlichen Ressourcen. \u00dcberdenken Sie Ihren Chemikalieneinsatz bei der Reinigung!&nbsp;Schonen Sie Anwender und Umwelt! Die BSW-Bio-Science GmbH meint es ernst mit der Nachhaltigkeit! Wir entwickeln und produzieren \u00f6kologische Reinigungsmittel, unser gro\u00dfes [&hellip;]<\/p>\n","protected":false},"author":3,"featured_media":519,"parent":183,"menu_order":1,"comment_status":"closed","ping_status":"closed","template":"template_fullwidth.php","meta":{"footnotes":""},"class_list":["post-90","page","type-page","status-publish","has-post-thumbnail","hentry"],"jetpack_sharing_enabled":true,"_links":{"self":[{"href":"https:\/\/shop.bsw-bioscience.com\/index.php?rest_route=\/wp\/v2\/pages\/90","targetHints":{"allow":["GET"]}}],"collection":[{"href":"https:\/\/shop.bsw-bioscience.com\/index.php?rest_route=\/wp\/v2\/pages"}],"about":[{"href":"https:\/\/shop.bsw-bioscience.com\/index.php?rest_route=\/wp\/v2\/types\/page"}],"author":[{"embeddable":true,"href":"https:\/\/shop.bsw-bioscience.com\/index.php?rest_route=\/wp\/v2\/users\/3"}],"replies":[{"embeddable":true,"href":"https:\/\/shop.bsw-bioscience.com\/index.php?rest_route=%2Fwp%2Fv2%2Fcomments&post=90"}],"version-history":[{"count":28,"href":"https:\/\/shop.bsw-bioscience.com\/index.php?rest_route=\/wp\/v2\/pages\/90\/revisions"}],"predecessor-version":[{"id":584,"href":"https:\/\/shop.bsw-bioscience.com\/index.php?rest_route=\/wp\/v2\/pages\/90\/revisions\/584"}],"up":[{"embeddable":true,"href":"https:\/\/shop.bsw-bioscience.com\/index.php?rest_route=\/wp\/v2\/pages\/183"}],"wp:featuredmedia":[{"embeddable":true,"href":"https:\/\/shop.bsw-bioscience.com\/index.php?rest_route=\/wp\/v2\/media\/519"}],"wp:attachment":[{"href":"https:\/\/shop.bsw-bioscience.com\/index.php?rest_route=%2Fwp%2Fv2%2Fmedia&parent=90"}],"curies":[{"name":"wp","href":"https:\/\/api.w.org\/{rel}","templated":true}]}}