{"id":527,"date":"2024-10-08T11:37:56","date_gmt":"2024-10-08T11:37:56","guid":{"rendered":"https:\/\/shop.bsw-bioscience.com\/?page_id=527"},"modified":"2024-10-09T06:52:22","modified_gmt":"2024-10-09T06:52:22","slug":"rueckgabe-und-beanstandungen","status":"publish","type":"page","link":"https:\/\/shop.bsw-bioscience.com\/?page_id=527","title":{"rendered":"R\u00fcckgabe und Beanstandungen"},"content":{"rendered":"\n<h2 class=\"wp-block-heading\">R\u00fcckgabe und Beanstandungen<\/h2>\n\n\n\n<p><strong>Im Falle eines Schadenfalls:<\/strong> Sollte es einmal dazu kommen, dass Sie besch\u00e4digte Ware erhalten, tut uns das sehr leid. Melden Sie sich bitte umgehend nach Erhalt unter unserer Telefonnummer +49 (0)5476-9194610, damit wir gemeinsam eine L\u00f6sung finden k\u00f6nnen.<\/p>\n\n\n\n<p><strong>Im Falle einer Falsch- oder Fehllieferung:<\/strong> Ihre Bestellungen werden in der Regel einwandfrei eintreffen. Sollte es dennoch Vorkommen, dass Sie falsche Ware erhalten oder ein Teil der Bestellung nicht eintrifft, melden Sie sich bitte unter unserer Telefonnummer +49(0)5476-9194610, damit wir schnellstm\u00f6glich eine gemeinsame L\u00f6sung finden k\u00f6nnen.<\/p>\n\n\n\n<p><strong>Im Falle anderer Reklamationsf\u00e4lle<\/strong> wenden Sie sich bitte per E-Mail an unsere E-Mail-Adresse: info@bsw-bioscience.com.<\/p>\n\n\n\n<p>In der Widerrufsbelehrung erfahren Sie mehr \u00fcber das <a href=\"https:\/\/shop.bsw-bioscience.com\/?page_id=413\" data-type=\"page\" data-id=\"413\">Widerrufsrecht<\/a>.<\/p>\n","protected":false},"excerpt":{"rendered":"<p>R\u00fcckgabe und Beanstandungen Im Falle eines Schadenfalls: Sollte es einmal dazu kommen, dass Sie besch\u00e4digte Ware erhalten, tut uns das sehr leid. Melden Sie sich bitte umgehend nach Erhalt unter unserer Telefonnummer +49 (0)5476-9194610, damit wir gemeinsam eine L\u00f6sung finden k\u00f6nnen. Im Falle einer Falsch- oder Fehllieferung: Ihre Bestellungen werden in der Regel einwandfrei eintreffen. [&hellip;]<\/p>\n","protected":false},"author":3,"featured_media":66,"parent":11,"menu_order":5,"comment_status":"closed","ping_status":"closed","template":"","meta":{"footnotes":""},"class_list":["post-527","page","type-page","status-publish","has-post-thumbnail","hentry"],"jetpack_sharing_enabled":true,"_links":{"self":[{"href":"https:\/\/shop.bsw-bioscience.com\/index.php?rest_route=\/wp\/v2\/pages\/527","targetHints":{"allow":["GET"]}}],"collection":[{"href":"https:\/\/shop.bsw-bioscience.com\/index.php?rest_route=\/wp\/v2\/pages"}],"about":[{"href":"https:\/\/shop.bsw-bioscience.com\/index.php?rest_route=\/wp\/v2\/types\/page"}],"author":[{"embeddable":true,"href":"https:\/\/shop.bsw-bioscience.com\/index.php?rest_route=\/wp\/v2\/users\/3"}],"replies":[{"embeddable":true,"href":"https:\/\/shop.bsw-bioscience.com\/index.php?rest_route=%2Fwp%2Fv2%2Fcomments&post=527"}],"version-history":[{"count":6,"href":"https:\/\/shop.bsw-bioscience.com\/index.php?rest_route=\/wp\/v2\/pages\/527\/revisions"}],"predecessor-version":[{"id":533,"href":"https:\/\/shop.bsw-bioscience.com\/index.php?rest_route=\/wp\/v2\/pages\/527\/revisions\/533"}],"up":[{"embeddable":true,"href":"https:\/\/shop.bsw-bioscience.com\/index.php?rest_route=\/wp\/v2\/pages\/11"}],"wp:featuredmedia":[{"embeddable":true,"href":"https:\/\/shop.bsw-bioscience.com\/index.php?rest_route=\/wp\/v2\/media\/66"}],"wp:attachment":[{"href":"https:\/\/shop.bsw-bioscience.com\/index.php?rest_route=%2Fwp%2Fv2%2Fmedia&parent=527"}],"curies":[{"name":"wp","href":"https:\/\/api.w.org\/{rel}","templated":true}]}}