{"id":284,"date":"2024-09-03T13:39:13","date_gmt":"2024-09-03T13:39:13","guid":{"rendered":"https:\/\/shop.bsw-bioscience.com\/?page_id=284"},"modified":"2026-03-06T10:36:56","modified_gmt":"2026-03-06T10:36:56","slug":"multicleaner-k","status":"publish","type":"page","link":"https:\/\/shop.bsw-bioscience.com\/?page_id=284","title":{"rendered":"MultiCleaner -K-"},"content":{"rendered":"\n<h2 class=\"wp-block-heading\">MultiCleaner -K-<\/h2>\n\n\n\n<p>Universalreiniger-Konzentrat f\u00fcr die Lebensmittelbranche und die Geb\u00e4udereinigung. Alkalische, w\u00e4ssrige Basis, versetzt mit Tensiden aus nachwachsenden Rohstoffen. Ohne den Zusatz von Mineral\u00f6lprodukten, Emulgatoren, Stabilisatoren, Farb- und Duftstoffen. Geeignet f\u00fcr die Lebensmittelbranche mit BIO-Standard!<\/p>\n\n\n\n<div data-wp-interactive=\"core\/file\" class=\"wp-block-file\"><object data-wp-bind--hidden=\"!state.hasPdfPreview\" hidden class=\"wp-block-file__embed\" data=\"https:\/\/shop.bsw-bioscience.com\/wp-content\/uploads\/2025\/09\/Konformitaetserklaerung-BSW-Bio-Science-MultiCleaner-K-gueltig-bis-31-12-2026.pdf\" type=\"application\/pdf\" style=\"width:100%;height:200px\" aria-label=\"Einbettung von Konformitaetserklaerung BSW-Bio-Science MultiCleaner -K- gueltig bis 31-12-2026.\"><\/object><a id=\"wp-block-file--media-b4a48fc4-a198-475b-97bf-45f59242db4d\" href=\"https:\/\/shop.bsw-bioscience.com\/wp-content\/uploads\/2025\/09\/Konformitaetserklaerung-BSW-Bio-Science-MultiCleaner-K-gueltig-bis-31-12-2026.pdf\">Konformitaetserklaerung BSW-Bio-Science MultiCleaner -K- gueltig bis 31-12-2026<\/a><a href=\"https:\/\/shop.bsw-bioscience.com\/wp-content\/uploads\/2025\/09\/Konformitaetserklaerung-BSW-Bio-Science-MultiCleaner-K-gueltig-bis-31-12-2026.pdf\" class=\"wp-block-file__button wp-element-button\" download aria-describedby=\"wp-block-file--media-b4a48fc4-a198-475b-97bf-45f59242db4d\">Herunterladen<\/a><\/div>\n\n\n\n<p class=\"has-text-align-left has-small-font-size\">Datenbl\u00e4tter zum Produkt erhalten Sie unter der E-Mail-Adresse: info@bsw-bioscience.com.<\/p>\n","protected":false},"excerpt":{"rendered":"<p>MultiCleaner -K- Universalreiniger-Konzentrat f\u00fcr die Lebensmittelbranche und die Geb\u00e4udereinigung. Alkalische, w\u00e4ssrige Basis, versetzt mit Tensiden aus nachwachsenden Rohstoffen. Ohne den Zusatz von Mineral\u00f6lprodukten, Emulgatoren, Stabilisatoren, Farb- und Duftstoffen. Geeignet f\u00fcr die Lebensmittelbranche mit BIO-Standard! Datenbl\u00e4tter zum Produkt erhalten Sie unter der E-Mail-Adresse: info@bsw-bioscience.com.<\/p>\n","protected":false},"author":3,"featured_media":66,"parent":240,"menu_order":10,"comment_status":"closed","ping_status":"closed","template":"","meta":{"footnotes":""},"class_list":["post-284","page","type-page","status-publish","has-post-thumbnail","hentry"],"jetpack_sharing_enabled":true,"_links":{"self":[{"href":"https:\/\/shop.bsw-bioscience.com\/index.php?rest_route=\/wp\/v2\/pages\/284","targetHints":{"allow":["GET"]}}],"collection":[{"href":"https:\/\/shop.bsw-bioscience.com\/index.php?rest_route=\/wp\/v2\/pages"}],"about":[{"href":"https:\/\/shop.bsw-bioscience.com\/index.php?rest_route=\/wp\/v2\/types\/page"}],"author":[{"embeddable":true,"href":"https:\/\/shop.bsw-bioscience.com\/index.php?rest_route=\/wp\/v2\/users\/3"}],"replies":[{"embeddable":true,"href":"https:\/\/shop.bsw-bioscience.com\/index.php?rest_route=%2Fwp%2Fv2%2Fcomments&post=284"}],"version-history":[{"count":5,"href":"https:\/\/shop.bsw-bioscience.com\/index.php?rest_route=\/wp\/v2\/pages\/284\/revisions"}],"predecessor-version":[{"id":790,"href":"https:\/\/shop.bsw-bioscience.com\/index.php?rest_route=\/wp\/v2\/pages\/284\/revisions\/790"}],"up":[{"embeddable":true,"href":"https:\/\/shop.bsw-bioscience.com\/index.php?rest_route=\/wp\/v2\/pages\/240"}],"wp:featuredmedia":[{"embeddable":true,"href":"https:\/\/shop.bsw-bioscience.com\/index.php?rest_route=\/wp\/v2\/media\/66"}],"wp:attachment":[{"href":"https:\/\/shop.bsw-bioscience.com\/index.php?rest_route=%2Fwp%2Fv2%2Fmedia&parent=284"}],"curies":[{"name":"wp","href":"https:\/\/api.w.org\/{rel}","templated":true}]}}