{"id":259,"date":"2024-09-03T12:52:15","date_gmt":"2024-09-03T12:52:15","guid":{"rendered":"https:\/\/shop.bsw-bioscience.com\/?page_id=259"},"modified":"2026-03-06T10:39:38","modified_gmt":"2026-03-06T10:39:38","slug":"waschlotion-liquid","status":"publish","type":"page","link":"https:\/\/shop.bsw-bioscience.com\/?page_id=259","title":{"rendered":"Waschlotion liquid"},"content":{"rendered":"\n<h2 class=\"wp-block-heading\">Waschlotion liquid<\/h2>\n\n\n\n<h2 class=\"wp-block-heading\">H\u00e4ndereinigung<\/h2>\n\n\n\n<p><strong>WASCHLOTION LIQUID f\u00fcr die Handhygiene:<\/strong>&nbsp;Die Konsistenz dieser Waschlotion erm\u00f6glicht eine schnelle und sehr gleichm\u00e4\u00dfige Benetzung der Handfl\u00e4chen. Durch den Anteil an GMO-\/GVO-freier Bio-Pflanzenseife und die mineralische Basis der Waschlotion, ist eine hautfreundliche und effektive Handreinigung m\u00f6glich. Die&nbsp;<strong>Waschlotion liquid<\/strong>&nbsp;wurde dermatologisch getestet- offener Epikutantest (2020): \u201esehr gut\u201c.<\/p>\n\n\n\n<div class=\"wp-block-media-text is-stacked-on-mobile\"><figure class=\"wp-block-media-text__media\"><img loading=\"lazy\" decoding=\"async\" width=\"829\" height=\"510\" src=\"https:\/\/shop.bsw-bioscience.com\/wp-content\/uploads\/2024\/08\/Dermatest-orig.png\" alt=\"\" class=\"wp-image-69 size-full\" srcset=\"https:\/\/shop.bsw-bioscience.com\/wp-content\/uploads\/2024\/08\/Dermatest-orig.png 829w, https:\/\/shop.bsw-bioscience.com\/wp-content\/uploads\/2024\/08\/Dermatest-orig-300x185.png 300w, https:\/\/shop.bsw-bioscience.com\/wp-content\/uploads\/2024\/08\/Dermatest-orig-768x472.png 768w, https:\/\/shop.bsw-bioscience.com\/wp-content\/uploads\/2024\/08\/Dermatest-orig-600x369.png 600w\" sizes=\"auto, (max-width: 829px) 100vw, 829px\" \/><\/figure><div class=\"wp-block-media-text__content\">\n<p>BSW-Bio-Science &#8222;Waschlotion liquid&#8220;<\/p>\n<\/div><\/div>\n\n\n\n<p>Unsere&nbsp;<strong>Waschlotion<\/strong>&nbsp;<strong>liquid<\/strong>&nbsp;ist gelistet in der Betriebsmittelliste Deutschland resp. FiBL-Liste \u00d6ko-Verarbeitung.<\/p>\n\n\n\n<div data-wp-interactive=\"core\/file\" class=\"wp-block-file\"><object data-wp-bind--hidden=\"!state.hasPdfPreview\" hidden class=\"wp-block-file__embed\" data=\"https:\/\/shop.bsw-bioscience.com\/wp-content\/uploads\/2025\/09\/Konformitaetserklaerung-BSW-Bio-Science-Waschlotion-liquid-gueltig-bis-31-12-2026.pdf\" type=\"application\/pdf\" style=\"width:100%;height:200px\" aria-label=\"Einbettung von Konformitaetserklaerung BSW-Bio-Science Waschlotion liquid gueltig bis 31-12-2026.\"><\/object><a id=\"wp-block-file--media-5af5bf85-c315-4011-9837-25824aac75d5\" href=\"https:\/\/shop.bsw-bioscience.com\/wp-content\/uploads\/2025\/09\/Konformitaetserklaerung-BSW-Bio-Science-Waschlotion-liquid-gueltig-bis-31-12-2026.pdf\">Konformitaetserklaerung BSW-Bio-Science Waschlotion liquid gueltig bis 31-12-2026<\/a><a href=\"https:\/\/shop.bsw-bioscience.com\/wp-content\/uploads\/2025\/09\/Konformitaetserklaerung-BSW-Bio-Science-Waschlotion-liquid-gueltig-bis-31-12-2026.pdf\" class=\"wp-block-file__button wp-element-button\" download aria-describedby=\"wp-block-file--media-5af5bf85-c315-4011-9837-25824aac75d5\">Herunterladen<\/a><\/div>\n\n\n\n<p class=\"has-text-align-left has-small-font-size\">Datenbl\u00e4tter zum Produkt erhalten Sie unter der E-Mail-Adresse: info@bsw-bioscience.com.<\/p>\n","protected":false},"excerpt":{"rendered":"<p>Waschlotion liquid H\u00e4ndereinigung WASCHLOTION LIQUID f\u00fcr die Handhygiene:&nbsp;Die Konsistenz dieser Waschlotion erm\u00f6glicht eine schnelle und sehr gleichm\u00e4\u00dfige Benetzung der Handfl\u00e4chen. Durch den Anteil an GMO-\/GVO-freier Bio-Pflanzenseife und die mineralische Basis der Waschlotion, ist eine hautfreundliche und effektive Handreinigung m\u00f6glich. Die&nbsp;Waschlotion liquid&nbsp;wurde dermatologisch getestet- offener Epikutantest (2020): \u201esehr gut\u201c. BSW-Bio-Science &#8222;Waschlotion liquid&#8220; Unsere&nbsp;Waschlotion&nbsp;liquid&nbsp;ist gelistet in der [&hellip;]<\/p>\n","protected":false},"author":3,"featured_media":66,"parent":240,"menu_order":20,"comment_status":"closed","ping_status":"closed","template":"","meta":{"footnotes":""},"class_list":["post-259","page","type-page","status-publish","has-post-thumbnail","hentry"],"jetpack_sharing_enabled":true,"_links":{"self":[{"href":"https:\/\/shop.bsw-bioscience.com\/index.php?rest_route=\/wp\/v2\/pages\/259","targetHints":{"allow":["GET"]}}],"collection":[{"href":"https:\/\/shop.bsw-bioscience.com\/index.php?rest_route=\/wp\/v2\/pages"}],"about":[{"href":"https:\/\/shop.bsw-bioscience.com\/index.php?rest_route=\/wp\/v2\/types\/page"}],"author":[{"embeddable":true,"href":"https:\/\/shop.bsw-bioscience.com\/index.php?rest_route=\/wp\/v2\/users\/3"}],"replies":[{"embeddable":true,"href":"https:\/\/shop.bsw-bioscience.com\/index.php?rest_route=%2Fwp%2Fv2%2Fcomments&post=259"}],"version-history":[{"count":5,"href":"https:\/\/shop.bsw-bioscience.com\/index.php?rest_route=\/wp\/v2\/pages\/259\/revisions"}],"predecessor-version":[{"id":793,"href":"https:\/\/shop.bsw-bioscience.com\/index.php?rest_route=\/wp\/v2\/pages\/259\/revisions\/793"}],"up":[{"embeddable":true,"href":"https:\/\/shop.bsw-bioscience.com\/index.php?rest_route=\/wp\/v2\/pages\/240"}],"wp:featuredmedia":[{"embeddable":true,"href":"https:\/\/shop.bsw-bioscience.com\/index.php?rest_route=\/wp\/v2\/media\/66"}],"wp:attachment":[{"href":"https:\/\/shop.bsw-bioscience.com\/index.php?rest_route=%2Fwp%2Fv2%2Fmedia&parent=259"}],"curies":[{"name":"wp","href":"https:\/\/api.w.org\/{rel}","templated":true}]}}