{"id":252,"date":"2024-09-03T12:36:25","date_gmt":"2024-09-03T12:36:25","guid":{"rendered":"https:\/\/shop.bsw-bioscience.com\/?page_id=252"},"modified":"2026-03-06T10:35:09","modified_gmt":"2026-03-06T10:35:09","slug":"flaechen-entkalker","status":"publish","type":"page","link":"https:\/\/shop.bsw-bioscience.com\/?page_id=252","title":{"rendered":"Fl\u00e4chen-Entkalker"},"content":{"rendered":"\n<h2 class=\"wp-block-heading\">Fl\u00e4chen-Entkalker<\/h2>\n\n\n\n<h2 class=\"wp-block-heading\">Beseitigt hartn\u00e4ckige Kalkr\u00fcckst\u00e4nde<\/h2>\n\n\n\n<p><strong>Fl\u00e4chen-Entkalker<\/strong>&nbsp;f\u00fcr den gewerblichen Einsatz zur Entfernung von hartn\u00e4ckigen Kalkr\u00fcckst\u00e4nden in K\u00fcche und Bad.<\/p>\n\n\n\n<p>Ideal als saurer Reiniger f\u00fcr die Unterhaltsreinigung im Bereich der Lebensmittelverarbeitung.<\/p>\n\n\n\n<p>Im Bereich der Geb\u00e4udereinigung auch ideal f\u00fcr die Entfernung von Urinstein im WC.<\/p>\n\n\n\n<p>Das Produkt ist gelistet in der Betriebsmittelliste Deutschland resp. FiBL-Liste \u00d6ko-Verarbeitung.<\/p>\n\n\n\n<div data-wp-interactive=\"core\/file\" class=\"wp-block-file\"><object data-wp-bind--hidden=\"!state.hasPdfPreview\" hidden class=\"wp-block-file__embed\" data=\"https:\/\/shop.bsw-bioscience.com\/wp-content\/uploads\/2025\/09\/Konformitaetserklaerung-BSW-Bio-Science-Flaechen-Entkalker-gueltig-bis-31-12-2026.pdf\" type=\"application\/pdf\" style=\"width:100%;height:200px\" aria-label=\"Einbettung von Konformitaetserklaerung BSW-Bio-Science Flaechen-Entkalker gueltig bis 31-12-2026.\"><\/object><a id=\"wp-block-file--media-e9d99f32-0584-4c4c-b05f-0ce644868033\" href=\"https:\/\/shop.bsw-bioscience.com\/wp-content\/uploads\/2025\/09\/Konformitaetserklaerung-BSW-Bio-Science-Flaechen-Entkalker-gueltig-bis-31-12-2026.pdf\">Konformitaetserklaerung BSW-Bio-Science Flaechen-Entkalker gueltig bis 31-12-2026<\/a><a href=\"https:\/\/shop.bsw-bioscience.com\/wp-content\/uploads\/2025\/09\/Konformitaetserklaerung-BSW-Bio-Science-Flaechen-Entkalker-gueltig-bis-31-12-2026.pdf\" class=\"wp-block-file__button wp-element-button\" download aria-describedby=\"wp-block-file--media-e9d99f32-0584-4c4c-b05f-0ce644868033\">Herunterladen<\/a><\/div>\n\n\n\n<p class=\"has-text-align-left has-small-font-size\">Datenbl\u00e4tter zum Produkt erhalten Sie unter der E-Mail-Adresse: info@bsw-bioscience.com<\/p>\n","protected":false},"excerpt":{"rendered":"<p>Fl\u00e4chen-Entkalker Beseitigt hartn\u00e4ckige Kalkr\u00fcckst\u00e4nde Fl\u00e4chen-Entkalker&nbsp;f\u00fcr den gewerblichen Einsatz zur Entfernung von hartn\u00e4ckigen Kalkr\u00fcckst\u00e4nden in K\u00fcche und Bad. Ideal als saurer Reiniger f\u00fcr die Unterhaltsreinigung im Bereich der Lebensmittelverarbeitung. Im Bereich der Geb\u00e4udereinigung auch ideal f\u00fcr die Entfernung von Urinstein im WC. Das Produkt ist gelistet in der Betriebsmittelliste Deutschland resp. FiBL-Liste \u00d6ko-Verarbeitung. Datenbl\u00e4tter zum Produkt [&hellip;]<\/p>\n","protected":false},"author":3,"featured_media":66,"parent":240,"menu_order":7,"comment_status":"closed","ping_status":"closed","template":"","meta":{"footnotes":""},"class_list":["post-252","page","type-page","status-publish","has-post-thumbnail","hentry"],"jetpack_sharing_enabled":true,"_links":{"self":[{"href":"https:\/\/shop.bsw-bioscience.com\/index.php?rest_route=\/wp\/v2\/pages\/252","targetHints":{"allow":["GET"]}}],"collection":[{"href":"https:\/\/shop.bsw-bioscience.com\/index.php?rest_route=\/wp\/v2\/pages"}],"about":[{"href":"https:\/\/shop.bsw-bioscience.com\/index.php?rest_route=\/wp\/v2\/types\/page"}],"author":[{"embeddable":true,"href":"https:\/\/shop.bsw-bioscience.com\/index.php?rest_route=\/wp\/v2\/users\/3"}],"replies":[{"embeddable":true,"href":"https:\/\/shop.bsw-bioscience.com\/index.php?rest_route=%2Fwp%2Fv2%2Fcomments&post=252"}],"version-history":[{"count":4,"href":"https:\/\/shop.bsw-bioscience.com\/index.php?rest_route=\/wp\/v2\/pages\/252\/revisions"}],"predecessor-version":[{"id":788,"href":"https:\/\/shop.bsw-bioscience.com\/index.php?rest_route=\/wp\/v2\/pages\/252\/revisions\/788"}],"up":[{"embeddable":true,"href":"https:\/\/shop.bsw-bioscience.com\/index.php?rest_route=\/wp\/v2\/pages\/240"}],"wp:featuredmedia":[{"embeddable":true,"href":"https:\/\/shop.bsw-bioscience.com\/index.php?rest_route=\/wp\/v2\/media\/66"}],"wp:attachment":[{"href":"https:\/\/shop.bsw-bioscience.com\/index.php?rest_route=%2Fwp%2Fv2%2Fmedia&parent=252"}],"curies":[{"name":"wp","href":"https:\/\/api.w.org\/{rel}","templated":true}]}}