{"id":249,"date":"2024-09-03T12:30:40","date_gmt":"2024-09-03T12:30:40","guid":{"rendered":"https:\/\/shop.bsw-bioscience.com\/?page_id=249"},"modified":"2026-03-06T10:36:09","modified_gmt":"2026-03-06T10:36:09","slug":"fliesen-und-stein-reiniger-k","status":"publish","type":"page","link":"https:\/\/shop.bsw-bioscience.com\/?page_id=249","title":{"rendered":"Fliesen- und Stein-Reiniger -K-"},"content":{"rendered":"\n<h2 class=\"wp-block-heading\">Fliesen- und Stein-Reiniger -K-<\/h2>\n\n\n\n<h2 class=\"wp-block-heading\">Reinigung von Fliesenb\u00f6den\/ Reinigung in Lebensmittelbetrieben und Geb\u00e4udereinigung<\/h2>\n\n\n\n<p>Konzentrat zur Beseitigung von Biofilmen auf Fliesen- und Natursteinb\u00f6den mit Ausnahme von Marmor. Einsatz in Scheuer-Saug-Maschine m\u00f6glich. Rein mineralische, alkalische L\u00f6sung ohne Mineral\u00f6lprodukte (petrochemische Substanzen).<\/p>\n\n\n\n<p>Der&nbsp;<strong>Fliesen- &amp; Stein-Reiniger -K-<\/strong>&nbsp;ist und frei von synthetischen Tensiden und bewahrt die Rutschfestigkeit Ihrer Fliesen.<\/p>\n\n\n\n<p>Petrochemische R\u00fcckst\u00e4nde herk\u00f6mmlicher Reinigungsmittel verbleiben nach der Reinigung h\u00e4ufig als mineral\u00f6lartige Schicht auf den Fliesenb\u00f6den. Es entstehen Biofilme, die problematisch f\u00fcr die Hygiene in vielen Bereichen (z.B. Lebensmittelbereichen) sind.<\/p>\n\n\n\n<figure class=\"wp-block-jetpack-image-compare\"><div class=\"juxtapose\" data-mode=\"horizontal\"><img loading=\"lazy\" decoding=\"async\" id=\"223\" src=\"https:\/\/i0.wp.com\/shop.bsw-bioscience.com\/wp-content\/uploads\/2024\/08\/Bild7.jpg?ssl=1\" alt=\"\" width=\"720\" height=\"1078\" class=\"image-compare__image-before\"\/><img loading=\"lazy\" decoding=\"async\" id=\"224\" src=\"https:\/\/i1.wp.com\/shop.bsw-bioscience.com\/wp-content\/uploads\/2024\/08\/Bild8.jpg?ssl=1\" alt=\"\" width=\"722\" height=\"1083\" class=\"image-compare__image-after\"\/><\/div><figcaption>links: Biofilme in Fliesenfugen und auf Fliesenboden vor der Reinigung<br>rechts: Nach der Reinigung mit Fliesen- und Stein-Reiniger -K- sind Biofilme beseitigt. Biofilme auf Oberfl\u00e4chen und durch saure Reiniger besch\u00e4digte Fliesenfugen bieten Mikroorganismen (Keimen) Lebensr\u00e4ume. Der Fliesen- &amp; Stein-Reiniger -K- beseitigt schonend Biofilme und f\u00fcllt bereits por\u00f6se Fugen mit rein mineralischem Inhaltsstoff auf.<\/figcaption><\/figure>\n\n\n\n<p>Das Produkt enth\u00e4lt keine Duftstoffe. Durch die Entfernung von Biofilmen werden \u00fcble, h\u00e4ufig durch Keimbelastungen entstandene Ger\u00fcche beseitigt. Es entsteht ein nat\u00fcrlich frisches Raumklima. -Entspannt durchatmen! \u2013<\/p>\n\n\n\n<p>Unser&nbsp;<strong>Fliesen- &amp; Stein-Reiniger -K-<\/strong>&nbsp;ist gelistet in der Betriebsmittelliste Deutschland resp. FiBL-Liste \u00d6ko-Verarbeitung.<\/p>\n\n\n\n<div data-wp-interactive=\"core\/file\" class=\"wp-block-file\"><object data-wp-bind--hidden=\"!state.hasPdfPreview\" hidden class=\"wp-block-file__embed\" data=\"https:\/\/shop.bsw-bioscience.com\/wp-content\/uploads\/2025\/09\/Konformitaetserklaerung-BSW-Bio-Science-Fliesen-und-Stein-Reiniger-K-gueltig-bis-31-12-2026.pdf\" type=\"application\/pdf\" style=\"width:100%;height:200px\" aria-label=\"Einbettung von Konformitaetserklaerung BSW-Bio-Science Fliesen-und Stein-Reiniger -K- gueltig bis 31-12-2026.\"><\/object><a id=\"wp-block-file--media-2e7b68b1-53c3-415d-a000-735d832d3cf6\" href=\"https:\/\/shop.bsw-bioscience.com\/wp-content\/uploads\/2025\/09\/Konformitaetserklaerung-BSW-Bio-Science-Fliesen-und-Stein-Reiniger-K-gueltig-bis-31-12-2026.pdf\">Konformitaetserklaerung BSW-Bio-Science Fliesen-und Stein-Reiniger -K- gueltig bis 31-12-2026<\/a><a href=\"https:\/\/shop.bsw-bioscience.com\/wp-content\/uploads\/2025\/09\/Konformitaetserklaerung-BSW-Bio-Science-Fliesen-und-Stein-Reiniger-K-gueltig-bis-31-12-2026.pdf\" class=\"wp-block-file__button wp-element-button\" download aria-describedby=\"wp-block-file--media-2e7b68b1-53c3-415d-a000-735d832d3cf6\">Herunterladen<\/a><\/div>\n\n\n\n<p class=\"has-text-align-left has-small-font-size\">Datenbl\u00e4tter zum Produkt erhalten Sie unter der E-Mail-Adresse: info@bsw-bioscience.com.<\/p>\n","protected":false},"excerpt":{"rendered":"<p>Fliesen- und Stein-Reiniger -K- Reinigung von Fliesenb\u00f6den\/ Reinigung in Lebensmittelbetrieben und Geb\u00e4udereinigung Konzentrat zur Beseitigung von Biofilmen auf Fliesen- und Natursteinb\u00f6den mit Ausnahme von Marmor. Einsatz in Scheuer-Saug-Maschine m\u00f6glich. Rein mineralische, alkalische L\u00f6sung ohne Mineral\u00f6lprodukte (petrochemische Substanzen). Der&nbsp;Fliesen- &amp; Stein-Reiniger -K-&nbsp;ist und frei von synthetischen Tensiden und bewahrt die Rutschfestigkeit Ihrer Fliesen. Petrochemische R\u00fcckst\u00e4nde herk\u00f6mmlicher [&hellip;]<\/p>\n","protected":false},"author":3,"featured_media":66,"parent":240,"menu_order":8,"comment_status":"closed","ping_status":"closed","template":"","meta":{"footnotes":""},"class_list":["post-249","page","type-page","status-publish","has-post-thumbnail","hentry"],"jetpack_sharing_enabled":true,"_links":{"self":[{"href":"https:\/\/shop.bsw-bioscience.com\/index.php?rest_route=\/wp\/v2\/pages\/249","targetHints":{"allow":["GET"]}}],"collection":[{"href":"https:\/\/shop.bsw-bioscience.com\/index.php?rest_route=\/wp\/v2\/pages"}],"about":[{"href":"https:\/\/shop.bsw-bioscience.com\/index.php?rest_route=\/wp\/v2\/types\/page"}],"author":[{"embeddable":true,"href":"https:\/\/shop.bsw-bioscience.com\/index.php?rest_route=\/wp\/v2\/users\/3"}],"replies":[{"embeddable":true,"href":"https:\/\/shop.bsw-bioscience.com\/index.php?rest_route=%2Fwp%2Fv2%2Fcomments&post=249"}],"version-history":[{"count":7,"href":"https:\/\/shop.bsw-bioscience.com\/index.php?rest_route=\/wp\/v2\/pages\/249\/revisions"}],"predecessor-version":[{"id":789,"href":"https:\/\/shop.bsw-bioscience.com\/index.php?rest_route=\/wp\/v2\/pages\/249\/revisions\/789"}],"up":[{"embeddable":true,"href":"https:\/\/shop.bsw-bioscience.com\/index.php?rest_route=\/wp\/v2\/pages\/240"}],"wp:featuredmedia":[{"embeddable":true,"href":"https:\/\/shop.bsw-bioscience.com\/index.php?rest_route=\/wp\/v2\/media\/66"}],"wp:attachment":[{"href":"https:\/\/shop.bsw-bioscience.com\/index.php?rest_route=%2Fwp%2Fv2%2Fmedia&parent=249"}],"curies":[{"name":"wp","href":"https:\/\/api.w.org\/{rel}","templated":true}]}}