{"id":246,"date":"2024-09-03T12:22:27","date_gmt":"2024-09-03T12:22:27","guid":{"rendered":"https:\/\/shop.bsw-bioscience.com\/?page_id=246"},"modified":"2026-03-06T10:33:49","modified_gmt":"2026-03-06T10:33:49","slug":"eiweissloeser-k","status":"publish","type":"page","link":"https:\/\/shop.bsw-bioscience.com\/?page_id=246","title":{"rendered":"Eiwei\u00dfl\u00f6ser -K-"},"content":{"rendered":"\n<h2 class=\"wp-block-heading\">Eiwei\u00dfl\u00f6ser -K-<\/h2>\n\n\n\n<h2 class=\"wp-block-heading\">Oberfl\u00e4chenreinigung in der Lebensmittelbranche\/ \u00d6koverarbeitung\/ \u201eBIO-Standard\u201c<\/h2>\n\n\n\n<p>Unser&nbsp;<strong>Eiwei\u00dfl\u00f6ser -K-<\/strong>&nbsp;ist gelistet in der Betriebsmittelliste Deutschland resp. FiBL-Liste \u00d6ko-Verarbeitung.<\/p>\n\n\n\n<div data-wp-interactive=\"core\/file\" class=\"wp-block-file\"><object data-wp-bind--hidden=\"!state.hasPdfPreview\" hidden class=\"wp-block-file__embed\" data=\"https:\/\/shop.bsw-bioscience.com\/wp-content\/uploads\/2025\/09\/Konformitaetserklaerung-BSW-Bio-Science-Eiweissloeser-K-gueltig-bis-31-12-2026.pdf\" type=\"application\/pdf\" style=\"width:100%;height:200px\" aria-label=\"Einbettung von Konformitaetserklaerung BSW-Bio-Science Eiweissloeser -K- gueltig bis 31-12-2026.\"><\/object><a id=\"wp-block-file--media-98babb28-50c4-429e-a48b-9ca25a738ef1\" href=\"https:\/\/shop.bsw-bioscience.com\/wp-content\/uploads\/2025\/09\/Konformitaetserklaerung-BSW-Bio-Science-Eiweissloeser-K-gueltig-bis-31-12-2026.pdf\">Konformitaetserklaerung BSW-Bio-Science Eiweissloeser -K- gueltig bis 31-12-2026<\/a><a href=\"https:\/\/shop.bsw-bioscience.com\/wp-content\/uploads\/2025\/09\/Konformitaetserklaerung-BSW-Bio-Science-Eiweissloeser-K-gueltig-bis-31-12-2026.pdf\" class=\"wp-block-file__button wp-element-button\" download aria-describedby=\"wp-block-file--media-98babb28-50c4-429e-a48b-9ca25a738ef1\">Herunterladen<\/a><\/div>\n\n\n\n<p>Mit unserem&nbsp;<strong>Eiwei\u00dfl\u00f6ser -K-<\/strong>&nbsp;reinigen Sie effektiv und schonen Ihre Betriebseinrichtung. Durch unseren Verzicht auf den Zusatz von Mineral\u00f6lprodukten vermeiden Sie petrochemische R\u00fcckst\u00e4nde auf Produkten und Objektoberfl\u00e4chen durch Reinigungsmittelr\u00fcckst\u00e4nde. Sie verringern die gesundheitliche Belastung des Anwenders und den Aufwand f\u00fcr gesetzlich vorgeschriebene Dokumentation eingesetzter Chemikalien. Die Abwasserqualit\u00e4t wird verbessert und der Aufwand f\u00fcr die Abwasserbehandlung gesenkt.<\/p>\n\n\n\n<p class=\"has-text-align-left has-small-font-size\">Datenbl\u00e4tter zum Produkt erhalten Sie unter der E-Mail-Adresse: info@bsw-bioscience.com.<\/p>\n","protected":false},"excerpt":{"rendered":"<p>Eiwei\u00dfl\u00f6ser -K- Oberfl\u00e4chenreinigung in der Lebensmittelbranche\/ \u00d6koverarbeitung\/ \u201eBIO-Standard\u201c Unser&nbsp;Eiwei\u00dfl\u00f6ser -K-&nbsp;ist gelistet in der Betriebsmittelliste Deutschland resp. FiBL-Liste \u00d6ko-Verarbeitung. Mit unserem&nbsp;Eiwei\u00dfl\u00f6ser -K-&nbsp;reinigen Sie effektiv und schonen Ihre Betriebseinrichtung. Durch unseren Verzicht auf den Zusatz von Mineral\u00f6lprodukten vermeiden Sie petrochemische R\u00fcckst\u00e4nde auf Produkten und Objektoberfl\u00e4chen durch Reinigungsmittelr\u00fcckst\u00e4nde. Sie verringern die gesundheitliche Belastung des Anwenders und den Aufwand [&hellip;]<\/p>\n","protected":false},"author":3,"featured_media":66,"parent":240,"menu_order":6,"comment_status":"closed","ping_status":"closed","template":"","meta":{"footnotes":""},"class_list":["post-246","page","type-page","status-publish","has-post-thumbnail","hentry"],"jetpack_sharing_enabled":true,"_links":{"self":[{"href":"https:\/\/shop.bsw-bioscience.com\/index.php?rest_route=\/wp\/v2\/pages\/246","targetHints":{"allow":["GET"]}}],"collection":[{"href":"https:\/\/shop.bsw-bioscience.com\/index.php?rest_route=\/wp\/v2\/pages"}],"about":[{"href":"https:\/\/shop.bsw-bioscience.com\/index.php?rest_route=\/wp\/v2\/types\/page"}],"author":[{"embeddable":true,"href":"https:\/\/shop.bsw-bioscience.com\/index.php?rest_route=\/wp\/v2\/users\/3"}],"replies":[{"embeddable":true,"href":"https:\/\/shop.bsw-bioscience.com\/index.php?rest_route=%2Fwp%2Fv2%2Fcomments&post=246"}],"version-history":[{"count":5,"href":"https:\/\/shop.bsw-bioscience.com\/index.php?rest_route=\/wp\/v2\/pages\/246\/revisions"}],"predecessor-version":[{"id":787,"href":"https:\/\/shop.bsw-bioscience.com\/index.php?rest_route=\/wp\/v2\/pages\/246\/revisions\/787"}],"up":[{"embeddable":true,"href":"https:\/\/shop.bsw-bioscience.com\/index.php?rest_route=\/wp\/v2\/pages\/240"}],"wp:featuredmedia":[{"embeddable":true,"href":"https:\/\/shop.bsw-bioscience.com\/index.php?rest_route=\/wp\/v2\/media\/66"}],"wp:attachment":[{"href":"https:\/\/shop.bsw-bioscience.com\/index.php?rest_route=%2Fwp%2Fv2%2Fmedia&parent=246"}],"curies":[{"name":"wp","href":"https:\/\/api.w.org\/{rel}","templated":true}]}}