{"id":240,"date":"2024-09-03T12:09:17","date_gmt":"2024-09-03T12:09:17","guid":{"rendered":"https:\/\/shop.bsw-bioscience.com\/?page_id=240"},"modified":"2024-10-09T07:25:59","modified_gmt":"2024-10-09T07:25:59","slug":"produktuebersicht","status":"publish","type":"page","link":"https:\/\/shop.bsw-bioscience.com\/?page_id=240","title":{"rendered":"Produkte"},"content":{"rendered":"\n<h2 class=\"wp-block-heading\">Unsere Produktauswahl f\u00fcr die Haustierhaltung und Pferdehaltung finden Sie in unserem SHOP (B2C)!<\/h2>\n\n\n\n<div class=\"wp-block-buttons is-layout-flex wp-block-buttons-is-layout-flex\">\n<div class=\"wp-block-button is-style-fill\"><a class=\"wp-block-button__link has-black-color has-luminous-vivid-amber-background-color has-text-color has-background has-link-color wp-element-button\" href=\"https:\/\/shop.bsw-bioscience.com\/?page_id=323\">CuraMea<\/a><\/div>\n\n\n\n<div class=\"wp-block-button\"><a class=\"wp-block-button__link has-black-color has-luminous-vivid-amber-background-color has-text-color has-background has-link-color wp-element-button\" href=\"https:\/\/shop.bsw-bioscience.com\/?page_id=11\">Zum SHOP<\/a><\/div>\n<\/div>\n\n\n\n<h2 class=\"wp-block-heading\">Unsere \u00f6kologischen Reinigungsmittel f\u00fcr die Geb\u00e4udereinigung und die Lebensmittelbranche:<\/h2>\n\n\n\n<figure class=\"wp-block-image size-large\"><img loading=\"lazy\" decoding=\"async\" width=\"1024\" height=\"711\" src=\"https:\/\/shop.bsw-bioscience.com\/wp-content\/uploads\/2024\/08\/iStock-1133795142-1024x711.jpg\" alt=\"\" class=\"wp-image-65\" srcset=\"https:\/\/shop.bsw-bioscience.com\/wp-content\/uploads\/2024\/08\/iStock-1133795142-1024x711.jpg 1024w, https:\/\/shop.bsw-bioscience.com\/wp-content\/uploads\/2024\/08\/iStock-1133795142-300x208.jpg 300w, https:\/\/shop.bsw-bioscience.com\/wp-content\/uploads\/2024\/08\/iStock-1133795142-768x533.jpg 768w, https:\/\/shop.bsw-bioscience.com\/wp-content\/uploads\/2024\/08\/iStock-1133795142-1536x1066.jpg 1536w, https:\/\/shop.bsw-bioscience.com\/wp-content\/uploads\/2024\/08\/iStock-1133795142-2048x1421.jpg 2048w, https:\/\/shop.bsw-bioscience.com\/wp-content\/uploads\/2024\/08\/iStock-1133795142-1320x916.jpg 1320w, https:\/\/shop.bsw-bioscience.com\/wp-content\/uploads\/2024\/08\/iStock-1133795142-600x416.jpg 600w\" sizes=\"auto, (max-width: 1024px) 100vw, 1024px\" \/><figcaption class=\"wp-element-caption\">\u00d6kologische Reinigungsmittel und nachhaltige Reinigungskonzepte<\/figcaption><\/figure>\n\n\n\n<h2 class=\"wp-block-heading\">Produkt\u00fcbersicht der BSW-Bio-Science Produkte (B2B)<\/h2>\n\n\n\n<figure class=\"wp-block-table is-style-stripes\"><table><thead><tr><th>BSW-Bio-Science Produktname<\/th><th>LINK\/ weitere Informationen<\/th><th>Beschreibung<\/th><th>Verkauf<\/th><\/tr><\/thead><tbody><tr><td><strong>Eiwei\u00dfl\u00f6ser<\/strong><\/td><td><a href=\"https:\/\/shop.bsw-bioscience.com\/?page_id=243\" data-type=\"page\" data-id=\"243\">Eiwei\u00dfl\u00f6ser<\/a><\/td><td>Universalreiniger (f\u00fcr Lebensmittelbereiche), dermatologisch getestet<\/td><td>B2B<\/td><\/tr><tr><td><strong>Eiwei\u00dfl\u00f6ser -K-<\/strong><\/td><td><a href=\"https:\/\/shop.bsw-bioscience.com\/?page_id=246\" data-type=\"page\" data-id=\"246\">Eiwei\u00dfl\u00f6ser -K-<\/a><\/td><td>Universalreiniger-Konzentrat (f\u00fcr Lebensmittelbereiche)<\/td><td>B2B<\/td><\/tr><tr><td><strong>Fl\u00e4chen-Entkalker<\/strong><\/td><td><a href=\"https:\/\/shop.bsw-bioscience.com\/?page_id=252\" data-type=\"page\" data-id=\"252\">Fl\u00e4chen-Entkalker<\/a><\/td><td>Saurer Reiniger f\u00fcr gewerbliche Bereiche (Lebensmittelbranche und Geb\u00e4udereinigung)<\/td><td>B2B<\/td><\/tr><tr><td><strong>Fliesen-&amp; Stein-Reiniger -K-<\/strong><\/td><td><a href=\"https:\/\/shop.bsw-bioscience.com\/?page_id=249\" data-type=\"page\" data-id=\"249\">Fliesen- und Stein-Reiniger -K-<\/a><\/td><td>Rein mineralischer Reiniger ohne Tenside, bewahrt die Rutschfestigkeit der Fliesenb\u00f6den (f\u00fcr Lebensmittelbereiche und Geb\u00e4udereinigung)<\/td><td>B2B<\/td><\/tr><tr><td><strong>MultiCleaner -K-<\/strong><\/td><td><a href=\"https:\/\/shop.bsw-bioscience.com\/?page_id=284\" data-type=\"page\" data-id=\"284\">MultiCleaner -K-<\/a><\/td><td>Universalreiniger-Konzentrat (f\u00fcr Lebensmittelbereiche und Geb\u00e4udereinigung)<\/td><td>B2B<\/td><\/tr><tr><td><strong>Spezialreiniger<\/strong><\/td><td><a href=\"https:\/\/shop.bsw-bioscience.com\/?page_id=233\" data-type=\"page\" data-id=\"233\">Spezialreiniger<\/a><\/td><td>Universalreiniger (f\u00fcr Geb\u00e4udereinigung, Haushalt, Freizeit, Camping), dermatologisch getestet<\/td><td>B2B <br><\/td><\/tr><tr><td><strong>Universal-Kraftreiniger -i-<\/strong><\/td><td><a href=\"https:\/\/shop.bsw-bioscience.com\/?page_id=254\" data-type=\"page\" data-id=\"254\">Universal-Kraftreiniger -i-<\/a><\/td><td>Universalreiniger-Konzentrat f\u00fcr gewerbliche Bereiche (f\u00fcr Lebensmittelbranche und Geb\u00e4udereinigung)<\/td><td>B2B<\/td><\/tr><tr><td><strong>Waschlotion liquid<\/strong><\/td><td><a href=\"https:\/\/shop.bsw-bioscience.com\/?page_id=259\" data-type=\"page\" data-id=\"259\">Waschlotion liquid<\/a><\/td><td>H\u00e4ndereinigung (f\u00fcr alle Bereiche), dermatologisch getestet<\/td><td>B2B<\/td><\/tr><tr><td><strong>ZK 3NF3<\/strong><\/td><td><a href=\"https:\/\/shop.bsw-bioscience.com\/?page_id=262\" data-type=\"page\" data-id=\"262\">ZK 3NF3<\/a><\/td><td>Zusatz f\u00fcr Kistenwaschanlagen (f\u00fcr Lebensmittelbranche)<\/td><td>B2B<\/td><\/tr><\/tbody><\/table><figcaption class=\"wp-element-caption\">\u00d6kologische Reinigungsmittel\/ Marke: BSW-Bio-Science<\/figcaption><\/figure>\n","protected":false},"excerpt":{"rendered":"<p>Unsere Produktauswahl f\u00fcr die Haustierhaltung und Pferdehaltung finden Sie in unserem SHOP (B2C)! Unsere \u00f6kologischen Reinigungsmittel f\u00fcr die Geb\u00e4udereinigung und die Lebensmittelbranche: Produkt\u00fcbersicht der BSW-Bio-Science Produkte (B2B) BSW-Bio-Science Produktname LINK\/ weitere Informationen Beschreibung Verkauf Eiwei\u00dfl\u00f6ser Eiwei\u00dfl\u00f6ser Universalreiniger (f\u00fcr Lebensmittelbereiche), dermatologisch getestet B2B Eiwei\u00dfl\u00f6ser -K- Eiwei\u00dfl\u00f6ser -K- Universalreiniger-Konzentrat (f\u00fcr Lebensmittelbereiche) B2B Fl\u00e4chen-Entkalker Fl\u00e4chen-Entkalker Saurer Reiniger f\u00fcr [&hellip;]<\/p>\n","protected":false},"author":3,"featured_media":66,"parent":0,"menu_order":0,"comment_status":"closed","ping_status":"closed","template":"","meta":{"footnotes":""},"class_list":["post-240","page","type-page","status-publish","has-post-thumbnail","hentry"],"jetpack_sharing_enabled":true,"_links":{"self":[{"href":"https:\/\/shop.bsw-bioscience.com\/index.php?rest_route=\/wp\/v2\/pages\/240","targetHints":{"allow":["GET"]}}],"collection":[{"href":"https:\/\/shop.bsw-bioscience.com\/index.php?rest_route=\/wp\/v2\/pages"}],"about":[{"href":"https:\/\/shop.bsw-bioscience.com\/index.php?rest_route=\/wp\/v2\/types\/page"}],"author":[{"embeddable":true,"href":"https:\/\/shop.bsw-bioscience.com\/index.php?rest_route=\/wp\/v2\/users\/3"}],"replies":[{"embeddable":true,"href":"https:\/\/shop.bsw-bioscience.com\/index.php?rest_route=%2Fwp%2Fv2%2Fcomments&post=240"}],"version-history":[{"count":28,"href":"https:\/\/shop.bsw-bioscience.com\/index.php?rest_route=\/wp\/v2\/pages\/240\/revisions"}],"predecessor-version":[{"id":556,"href":"https:\/\/shop.bsw-bioscience.com\/index.php?rest_route=\/wp\/v2\/pages\/240\/revisions\/556"}],"wp:featuredmedia":[{"embeddable":true,"href":"https:\/\/shop.bsw-bioscience.com\/index.php?rest_route=\/wp\/v2\/media\/66"}],"wp:attachment":[{"href":"https:\/\/shop.bsw-bioscience.com\/index.php?rest_route=%2Fwp%2Fv2%2Fmedia&parent=240"}],"curies":[{"name":"wp","href":"https:\/\/api.w.org\/{rel}","templated":true}]}}