{"id":233,"date":"2024-09-03T11:55:03","date_gmt":"2024-09-03T11:55:03","guid":{"rendered":"https:\/\/shop.bsw-bioscience.com\/?page_id=233"},"modified":"2024-09-04T07:59:27","modified_gmt":"2024-09-04T07:59:27","slug":"spezialreiniger","status":"publish","type":"page","link":"https:\/\/shop.bsw-bioscience.com\/?page_id=233","title":{"rendered":"Spezialreiniger"},"content":{"rendered":"\n<h2 class=\"wp-block-heading\">Spezialreiniger<\/h2>\n\n\n\n<p>Haushaltsreiniger, Sanit\u00e4rreiniger, Wischreiniger f\u00fcr Fliesen oder Laminat, Teppichreiniger, Polsterreiniger, Lederreiniger! Unser <strong>Universalreiniger f\u00fcr die Objektreinigung<\/strong>!<\/p>\n\n\n\n<p>Unser\u00a0<strong>Spezialreiniger<\/strong>\u00a0ist geeignet f\u00fcr den privaten und gewerblichen Bereich (Betrieb\/ Einrichtung\/ B\u00fcro\/ Haushalt\/ Freizeit\/ Hobby) zur Entfernung von organischen Verschmutzungen (z.B. Fette, Eiwei\u00dfe, Blut, Kot, Urin, Koffein, Nikotin). Er beseitigt Biofilme und hinterl\u00e4sst keine synthetischen R\u00fcckst\u00e4nde.<\/p>\n\n\n\n<figure class=\"wp-block-table is-style-stripes\"><table class=\"has-fixed-layout\"><thead><tr><th>Oberfl\u00e4chenmaterial<\/th><th>Objektbeispiel<\/th><\/tr><\/thead><tbody><tr><td><strong>EDELSTAHL<\/strong><\/td><td>z.B. K\u00fcchenutensilien, N\u00e4pfe, Edelstahlfronten<\/td><\/tr><tr><td><strong>KERAMIK<\/strong><\/td><td>z.B. Sp\u00fcl- und Waschbecken, Fliesen, Bad, WC<\/td><\/tr><tr><td><strong>KUNSTSTOFF<\/strong><\/td><td>z.B. Arbeitsfl\u00e4chen, Griffe, Schreibtische, Tische, St\u00fchle, B\u00e4nke<\/td><\/tr><tr><td><strong>LACKIERTE OBERFL\u00c4CHEN<\/strong><\/td><td>z.B. Boote, Wohnwagen, Wohnmobile, Gartenh\u00e4user<\/td><\/tr><tr><td><strong>TEXTIL- UND LEDER-OBERFL\u00c4CHEN<\/strong><\/td><td>z.B. Sitzpolsterbez\u00fcge oder andere synthetische Fasern\/ Teppichbodenbel\u00e4ge<\/td><\/tr><\/tbody><\/table><figcaption class=\"wp-element-caption\">Beispiele f\u00fcr Oberfl\u00e4chen und typische Materialien<\/figcaption><\/figure>\n\n\n\n<p>Der&nbsp;<strong>Spezialreiniger<\/strong>&nbsp;basiert auf einer mineralischen L\u00f6sung, versetzt mit GMO-\/GVO-freier Bio-Pflanzenseife. Das Produkt enth\u00e4lt keine Mineral\u00f6lprodukte, Emulgatoren, Stabilisatoren, Farb- und Duftstoffe.<\/p>\n\n\n\n<p>Unser&nbsp;<strong>Spezialreiniger<\/strong>&nbsp;ist biologisch abbaubar und dermatologisch getestet:<\/p>\n\n\n\n<div class=\"wp-block-media-text is-stacked-on-mobile\"><figure class=\"wp-block-media-text__media\"><img loading=\"lazy\" decoding=\"async\" width=\"829\" height=\"510\" src=\"https:\/\/shop.bsw-bioscience.com\/wp-content\/uploads\/2024\/08\/Dermatest-orig.png\" alt=\"\" class=\"wp-image-69 size-full\" srcset=\"https:\/\/shop.bsw-bioscience.com\/wp-content\/uploads\/2024\/08\/Dermatest-orig.png 829w, https:\/\/shop.bsw-bioscience.com\/wp-content\/uploads\/2024\/08\/Dermatest-orig-300x185.png 300w, https:\/\/shop.bsw-bioscience.com\/wp-content\/uploads\/2024\/08\/Dermatest-orig-768x472.png 768w, https:\/\/shop.bsw-bioscience.com\/wp-content\/uploads\/2024\/08\/Dermatest-orig-600x369.png 600w\" sizes=\"auto, (max-width: 829px) 100vw, 829px\" \/><\/figure><div class=\"wp-block-media-text__content\">\n<p>BSW-Bio-Science &#8222;Spezialreiniger&#8220;<\/p>\n<\/div><\/div>\n\n\n\n<p class=\"has-text-align-left has-small-font-size\">Datenbl\u00e4tter zum Produkt erhalten Sie unter der E-Mail-Adresse: info@bsw-bioscience.com.<\/p>\n","protected":false},"excerpt":{"rendered":"<p>Spezialreiniger Haushaltsreiniger, Sanit\u00e4rreiniger, Wischreiniger f\u00fcr Fliesen oder Laminat, Teppichreiniger, Polsterreiniger, Lederreiniger! Unser Universalreiniger f\u00fcr die Objektreinigung! Unser\u00a0Spezialreiniger\u00a0ist geeignet f\u00fcr den privaten und gewerblichen Bereich (Betrieb\/ Einrichtung\/ B\u00fcro\/ Haushalt\/ Freizeit\/ Hobby) zur Entfernung von organischen Verschmutzungen (z.B. Fette, Eiwei\u00dfe, Blut, Kot, Urin, Koffein, Nikotin). Er beseitigt Biofilme und hinterl\u00e4sst keine synthetischen R\u00fcckst\u00e4nde. Oberfl\u00e4chenmaterial Objektbeispiel EDELSTAHL z.B. [&hellip;]<\/p>\n","protected":false},"author":3,"featured_media":66,"parent":240,"menu_order":11,"comment_status":"closed","ping_status":"closed","template":"","meta":{"footnotes":""},"class_list":["post-233","page","type-page","status-publish","has-post-thumbnail","hentry"],"jetpack_sharing_enabled":true,"_links":{"self":[{"href":"https:\/\/shop.bsw-bioscience.com\/index.php?rest_route=\/wp\/v2\/pages\/233","targetHints":{"allow":["GET"]}}],"collection":[{"href":"https:\/\/shop.bsw-bioscience.com\/index.php?rest_route=\/wp\/v2\/pages"}],"about":[{"href":"https:\/\/shop.bsw-bioscience.com\/index.php?rest_route=\/wp\/v2\/types\/page"}],"author":[{"embeddable":true,"href":"https:\/\/shop.bsw-bioscience.com\/index.php?rest_route=\/wp\/v2\/users\/3"}],"replies":[{"embeddable":true,"href":"https:\/\/shop.bsw-bioscience.com\/index.php?rest_route=%2Fwp%2Fv2%2Fcomments&post=233"}],"version-history":[{"count":6,"href":"https:\/\/shop.bsw-bioscience.com\/index.php?rest_route=\/wp\/v2\/pages\/233\/revisions"}],"predecessor-version":[{"id":298,"href":"https:\/\/shop.bsw-bioscience.com\/index.php?rest_route=\/wp\/v2\/pages\/233\/revisions\/298"}],"up":[{"embeddable":true,"href":"https:\/\/shop.bsw-bioscience.com\/index.php?rest_route=\/wp\/v2\/pages\/240"}],"wp:featuredmedia":[{"embeddable":true,"href":"https:\/\/shop.bsw-bioscience.com\/index.php?rest_route=\/wp\/v2\/media\/66"}],"wp:attachment":[{"href":"https:\/\/shop.bsw-bioscience.com\/index.php?rest_route=%2Fwp%2Fv2%2Fmedia&parent=233"}],"curies":[{"name":"wp","href":"https:\/\/api.w.org\/{rel}","templated":true}]}}